{"id":597,"date":"2025-07-18T16:02:19","date_gmt":"2025-07-18T14:02:19","guid":{"rendered":"https:\/\/www.dica.polimi.it\/dica4sustainability\/"},"modified":"2026-02-25T10:43:17","modified_gmt":"2026-02-25T09:43:17","slug":"dica4sustainability","status":"publish","type":"page","link":"https:\/\/www.dica.polimi.it\/en\/dica4society\/dica4sustainability\/","title":{"rendered":"DICA4sustainability"},"content":{"rendered":"\t\t<div data-elementor-type=\"wp-page\" data-elementor-id=\"597\" class=\"elementor elementor-597\" data-elementor-post-type=\"page\">\n\t\t\t\t<div class=\"elementor-element elementor-element-9873f53 e-flex e-con-boxed e-con e-parent\" data-id=\"9873f53\" data-element_type=\"container\" data-e-type=\"container\">\n\t\t\t\t\t<div class=\"e-con-inner\">\n\t\t<div class=\"elementor-element elementor-element-c28c667 e-con-full e-flex e-con e-child\" data-id=\"c28c667\" data-element_type=\"container\" data-e-type=\"container\" data-settings=\"{&quot;sticky&quot;:&quot;top&quot;,&quot;sticky_offset&quot;:110,&quot;sticky_parent&quot;:&quot;yes&quot;,&quot;sticky_on&quot;:[&quot;desktop&quot;,&quot;tablet&quot;],&quot;sticky_effects_offset&quot;:0,&quot;sticky_anchor_link_offset&quot;:0}\">\n\t\t\t\t<div class=\"elementor-element elementor-element-2000220 elementor-widget elementor-widget-text-editor\" data-id=\"2000220\" data-element_type=\"widget\" data-e-type=\"widget\" data-widget_type=\"text-editor.default\">\n\t\t\t\t\t\t\t\t\t<div class=\"side-menu-element\"><strong>01<\/strong> <a href=\"#DICA4sust1\">Didattica<\/a><\/div><div class=\"side-menu-element\"><strong>02<\/strong> <a href=\"#DICA4sust2\">Ricerca<\/a><\/div><div class=\"side-menu-element\"><strong>03<\/strong> <a href=\"#DICA4sust3\">Inclusione e pari opportunit\u00e0<\/a><\/div><div class=\"side-menu-element\"><strong>04<\/strong> <a href=\"#DICA4sust4\">Responsabilit\u00e0 sociale<\/a><\/div><div class=\"side-menu-element\"><strong>05<\/strong> <a href=\"#DICA4sust5\">Scuole<\/a><\/div><div class=\"side-menu-element\"><strong>06<\/strong> <a href=\"#DICA4sust6\">Ambiente<\/a><\/div><div class=\"side-menu-element\"><strong>07<\/strong> <a href=\"#DICA4sust7\">Contesti fragili<\/a><\/div>\t\t\t\t\t\t\t\t<\/div>\n\t\t\t\t<\/div>\n\t\t<div class=\"elementor-element elementor-element-cea5cc9 e-con-full e-flex e-con e-child\" data-id=\"cea5cc9\" data-element_type=\"container\" data-e-type=\"container\">\n\t\t\t\t<div class=\"elementor-element elementor-element-9478702 elementor-widget elementor-widget-html\" data-id=\"9478702\" data-element_type=\"widget\" data-e-type=\"widget\" data-widget_type=\"html.default\">\n\t\t\t\t\t<script>\r\ndocument.addEventListener('DOMContentLoaded', () => {\r\n    const referenceElement = document.getElementById('header-fixed');\r\n    if (referenceElement) {\r\n        const updateHeight = () => {\r\n             document.documentElement.style.setProperty('--reference-height', referenceElement.offsetHeight + 'px');\r\n        };\r\n        updateHeight();\r\n        window.addEventListener('resize', updateHeight);\r\n    }\r\n\r\n    const hash = window.location.hash;\r\n    if (hash) {\r\n        window.addEventListener('load', () => {\r\n            const targetElement = document.querySelector(hash);\r\n            if (targetElement) {\r\n                setTimeout(() => {\r\n                    const headerHeight = referenceElement ? referenceElement.offsetHeight : 0;\r\n                    const elementPosition = targetElement.getBoundingClientRect().top;\r\n                    const offsetPosition = elementPosition + window.pageYOffset - headerHeight;\r\n\r\n                    window.scrollTo({\r\n                        top: offsetPosition,\r\n                        behavior: \"smooth\"\r\n                    });\r\n                }, 300);\r\n            }\r\n        });\r\n    }\r\n});\r\n<\/script>\t\t\t\t<\/div>\n\t\t<div class=\"elementor-element elementor-element-daeff3a e-con-full e-flex e-con e-child\" data-id=\"daeff3a\" data-element_type=\"container\" data-e-type=\"container\">\n\t\t\t\t<div class=\"elementor-element elementor-element-77b4da2 elementor-widget__width-initial elementor-widget elementor-widget-heading\" data-id=\"77b4da2\" data-element_type=\"widget\" data-e-type=\"widget\" data-widget_type=\"heading.default\">\n\t\t\t\t\t<p class=\"elementor-heading-title elementor-size-default\">01.<\/p>\t\t\t\t<\/div>\n\t\t\t\t<div class=\"elementor-element elementor-element-a888c5e elementor-widget__width-initial elementor-widget elementor-widget-heading\" data-id=\"a888c5e\" data-element_type=\"widget\" data-e-type=\"widget\" id=\"DICA4sust1\" data-widget_type=\"heading.default\">\n\t\t\t\t\t<h3 class=\"elementor-heading-title elementor-size-default\">Didattica<\/h3>\t\t\t\t<\/div>\n\t\t\t\t<\/div>\n\t\t<div class=\"elementor-element elementor-element-58a5634 e-con-full e-flex e-con e-child\" data-id=\"58a5634\" data-element_type=\"container\" data-e-type=\"container\">\n\t\t\t\t<div class=\"elementor-element elementor-element-9b041b8 elementor-widget elementor-widget-spacer\" data-id=\"9b041b8\" data-element_type=\"widget\" data-e-type=\"widget\" data-widget_type=\"spacer.default\">\n\t\t\t\t\t\t\t<div class=\"elementor-spacer\">\n\t\t\t<div class=\"elementor-spacer-inner\"><\/div>\n\t\t<\/div>\n\t\t\t\t\t\t<\/div>\n\t\t\t\t<div class=\"elementor-element elementor-element-bd6498f elementor-widget elementor-widget-text-editor\" data-id=\"bd6498f\" data-element_type=\"widget\" data-e-type=\"widget\" data-settings=\"{&quot;motion_fx_motion_fx_mouse&quot;:&quot;yes&quot;}\" data-widget_type=\"text-editor.default\">\n\t\t\t\t\t\t\t\t\t<p>Contenuto ancora da definire<\/p>\t\t\t\t\t\t\t\t<\/div>\n\t\t\t\t<\/div>\n\t\t\t\t<div class=\"elementor-element elementor-element-ed712b5 elementor-widget elementor-widget-spacer\" data-id=\"ed712b5\" data-element_type=\"widget\" data-e-type=\"widget\" data-widget_type=\"spacer.default\">\n\t\t\t\t\t\t\t<div class=\"elementor-spacer\">\n\t\t\t<div class=\"elementor-spacer-inner\"><\/div>\n\t\t<\/div>\n\t\t\t\t\t\t<\/div>\n\t\t<div class=\"elementor-element elementor-element-c14fda1 e-con-full e-flex e-con e-child\" data-id=\"c14fda1\" data-element_type=\"container\" data-e-type=\"container\">\n\t\t\t\t<div class=\"elementor-element elementor-element-1131948 elementor-widget__width-initial elementor-widget elementor-widget-heading\" data-id=\"1131948\" data-element_type=\"widget\" data-e-type=\"widget\" data-widget_type=\"heading.default\">\n\t\t\t\t\t<p class=\"elementor-heading-title elementor-size-default\">02.<\/p>\t\t\t\t<\/div>\n\t\t\t\t<div class=\"elementor-element elementor-element-4ac2780 elementor-widget__width-initial elementor-widget elementor-widget-heading\" data-id=\"4ac2780\" data-element_type=\"widget\" data-e-type=\"widget\" id=\"DICA4sust2\" data-widget_type=\"heading.default\">\n\t\t\t\t\t<h3 class=\"elementor-heading-title elementor-size-default\">Ricerca<\/h3>\t\t\t\t<\/div>\n\t\t\t\t<\/div>\n\t\t<div class=\"elementor-element elementor-element-a40e3d6 e-con-full e-flex e-con e-child\" data-id=\"a40e3d6\" data-element_type=\"container\" data-e-type=\"container\">\n\t\t\t\t<div class=\"elementor-element elementor-element-0841c75 elementor-widget elementor-widget-spacer\" data-id=\"0841c75\" data-element_type=\"widget\" data-e-type=\"widget\" data-widget_type=\"spacer.default\">\n\t\t\t\t\t\t\t<div class=\"elementor-spacer\">\n\t\t\t<div class=\"elementor-spacer-inner\"><\/div>\n\t\t<\/div>\n\t\t\t\t\t\t<\/div>\n\t\t\t\t<div class=\"elementor-element elementor-element-7116b82 elementor-widget elementor-widget-text-editor\" data-id=\"7116b82\" data-element_type=\"widget\" data-e-type=\"widget\" data-settings=\"{&quot;motion_fx_motion_fx_mouse&quot;:&quot;yes&quot;}\" data-widget_type=\"text-editor.default\">\n\t\t\t\t\t\t\t\t\t<p>Contenuto ancora da definire<\/p>\t\t\t\t\t\t\t\t<\/div>\n\t\t\t\t<\/div>\n\t\t\t\t<div class=\"elementor-element elementor-element-59476b6 elementor-widget elementor-widget-spacer\" data-id=\"59476b6\" data-element_type=\"widget\" data-e-type=\"widget\" data-widget_type=\"spacer.default\">\n\t\t\t\t\t\t\t<div class=\"elementor-spacer\">\n\t\t\t<div class=\"elementor-spacer-inner\"><\/div>\n\t\t<\/div>\n\t\t\t\t\t\t<\/div>\n\t\t<div class=\"elementor-element elementor-element-bd340cc e-con-full e-flex e-con e-child\" data-id=\"bd340cc\" data-element_type=\"container\" data-e-type=\"container\">\n\t\t\t\t<div class=\"elementor-element elementor-element-a5be807 elementor-widget__width-initial elementor-widget elementor-widget-heading\" data-id=\"a5be807\" data-element_type=\"widget\" data-e-type=\"widget\" data-widget_type=\"heading.default\">\n\t\t\t\t\t<p class=\"elementor-heading-title elementor-size-default\">03.<\/p>\t\t\t\t<\/div>\n\t\t\t\t<div class=\"elementor-element elementor-element-d198b18 elementor-widget__width-initial elementor-widget elementor-widget-heading\" data-id=\"d198b18\" data-element_type=\"widget\" data-e-type=\"widget\" id=\"DICA4sust3\" data-widget_type=\"heading.default\">\n\t\t\t\t\t<h3 class=\"elementor-heading-title elementor-size-default\">Inclusione e pari opportunit\u00e0<\/h3>\t\t\t\t<\/div>\n\t\t\t\t<\/div>\n\t\t<div class=\"elementor-element elementor-element-2a0dbdf e-con-full e-flex e-con e-child\" data-id=\"2a0dbdf\" data-element_type=\"container\" data-e-type=\"container\">\n\t\t\t\t<div class=\"elementor-element elementor-element-5d64060 elementor-widget elementor-widget-spacer\" data-id=\"5d64060\" data-element_type=\"widget\" data-e-type=\"widget\" data-widget_type=\"spacer.default\">\n\t\t\t\t\t\t\t<div class=\"elementor-spacer\">\n\t\t\t<div class=\"elementor-spacer-inner\"><\/div>\n\t\t<\/div>\n\t\t\t\t\t\t<\/div>\n\t\t\t\t<div class=\"elementor-element elementor-element-2ae0581 elementor-widget elementor-widget-text-editor\" data-id=\"2ae0581\" data-element_type=\"widget\" data-e-type=\"widget\" data-settings=\"{&quot;motion_fx_motion_fx_mouse&quot;:&quot;yes&quot;}\" data-widget_type=\"text-editor.default\">\n\t\t\t\t\t\t\t\t\t<p>Il Dipartimento collabora alle diverse iniziative di ateneo volte a \u201crendere il Politecnico\u00a0un luogo sempre pi\u00f9 accogliente e inclusivo, garantire pari opportunit\u00e0 e valorizzare l\u2019unicit\u00e0 delle persone grazie ad azioni specifiche che decostruiscano gli stereotipi e combattano ogni forma di ingiusta discriminazione, con grande attenzione al benessere fisico e psicologico di tutta la comunit\u00e0 politecnica\u00a0(<a href=\"https:\/\/www.polimi.it\/sviluppo-sostenibile\/inclusione-e-pari-opportunita\">https:\/\/www.polimi.it\/sviluppo-sostenibile\/inclusione-e-pari-opportunita<\/a>)<\/p><p><br \/>Inoltre,\u00a0il Dipartimento\u00a0organizza\u00a0dal 2023\u00a0i DICA Olympic Games,\u00a0una competizione sportiva interna\u00a0aperta a\u00a0dottorandi, borsisti di ricerca, ricercatori, professori e personale tecnico-amministrativo.\u00a0L&#8217;evento prevede discipline sportive quali calcio, pallavolo, corsa,\u00a0calcio balilla\u00a0e\u00a0scacchi,\u00a0adatte a tutti, con l\u2019obiettivo di\u00a0favorire la formazione di\u00a0una comunit\u00e0\u00a0coesa e\u00a0inclusiva, promovendone\u00a0il benessere sociale e individuale.\u00a0<\/p>\t\t\t\t\t\t\t\t<\/div>\n\t\t\t\t<div class=\"elementor-element elementor-element-b815827 elementor-widget elementor-widget-spacer\" data-id=\"b815827\" data-element_type=\"widget\" data-e-type=\"widget\" data-widget_type=\"spacer.default\">\n\t\t\t\t\t\t\t<div class=\"elementor-spacer\">\n\t\t\t<div class=\"elementor-spacer-inner\"><\/div>\n\t\t<\/div>\n\t\t\t\t\t\t<\/div>\n\t\t\t\t<\/div>\n\t\t<div class=\"elementor-element elementor-element-403abfb e-con-full e-flex e-con e-child\" data-id=\"403abfb\" data-element_type=\"container\" data-e-type=\"container\">\n\t\t\t\t<div class=\"elementor-element elementor-element-5cf1bd5 elementor-widget__width-initial elementor-widget elementor-widget-heading\" data-id=\"5cf1bd5\" data-element_type=\"widget\" data-e-type=\"widget\" data-widget_type=\"heading.default\">\n\t\t\t\t\t<p class=\"elementor-heading-title elementor-size-default\">04.<\/p>\t\t\t\t<\/div>\n\t\t\t\t<div class=\"elementor-element elementor-element-5ab6ec8 elementor-widget__width-initial elementor-widget elementor-widget-heading\" data-id=\"5ab6ec8\" data-element_type=\"widget\" data-e-type=\"widget\" id=\"DICA4sust4\" data-widget_type=\"heading.default\">\n\t\t\t\t\t<h3 class=\"elementor-heading-title elementor-size-default\">Responsabilit\u00e0 sociale<\/h3>\t\t\t\t<\/div>\n\t\t\t\t<\/div>\n\t\t<div class=\"elementor-element elementor-element-4bcd3cd e-con-full e-flex e-con e-child\" data-id=\"4bcd3cd\" data-element_type=\"container\" data-e-type=\"container\">\n\t\t\t\t<div class=\"elementor-element elementor-element-981bbf7 elementor-widget elementor-widget-spacer\" data-id=\"981bbf7\" data-element_type=\"widget\" data-e-type=\"widget\" data-widget_type=\"spacer.default\">\n\t\t\t\t\t\t\t<div class=\"elementor-spacer\">\n\t\t\t<div class=\"elementor-spacer-inner\"><\/div>\n\t\t<\/div>\n\t\t\t\t\t\t<\/div>\n\t\t\t\t<div class=\"elementor-element elementor-element-30133cd elementor-widget elementor-widget-text-editor\" data-id=\"30133cd\" data-element_type=\"widget\" data-e-type=\"widget\" data-settings=\"{&quot;motion_fx_motion_fx_mouse&quot;:&quot;yes&quot;}\" data-widget_type=\"text-editor.default\">\n\t\t\t\t\t\t\t\t\t<div class=\"et_pb_module et_pb_text et_pb_text_2 et_pb_text_align_left et_pb_bg_layout_light\"><div class=\"et_pb_text_inner\"><p>Il Dipartimento\u00a0aderisce alle politiche di ateneo\u00a0finalizzate a\u00a0contribuire alla crescita della societ\u00e0 in una logica di responsabilit\u00e0 e reciprocit\u00e0,\u00a0attraverso forme innovative di collaborazione tra universit\u00e0 e territorio\u00a0<\/p><\/div><\/div>\t\t\t\t\t\t\t\t<\/div>\n\t\t\t\t<div class=\"elementor-element elementor-element-b1d98a4 elementor-widget elementor-widget-spacer\" data-id=\"b1d98a4\" data-element_type=\"widget\" data-e-type=\"widget\" data-widget_type=\"spacer.default\">\n\t\t\t\t\t\t\t<div class=\"elementor-spacer\">\n\t\t\t<div class=\"elementor-spacer-inner\"><\/div>\n\t\t<\/div>\n\t\t\t\t\t\t<\/div>\n\t\t\t\t<\/div>\n\t\t<div class=\"elementor-element elementor-element-dfb7be2 e-con-full e-flex e-con e-child\" data-id=\"dfb7be2\" data-element_type=\"container\" data-e-type=\"container\">\n\t\t\t\t<div class=\"elementor-element elementor-element-364c6d8 elementor-widget__width-initial elementor-widget elementor-widget-heading\" data-id=\"364c6d8\" data-element_type=\"widget\" data-e-type=\"widget\" data-widget_type=\"heading.default\">\n\t\t\t\t\t<p class=\"elementor-heading-title elementor-size-default\">05.<\/p>\t\t\t\t<\/div>\n\t\t\t\t<div class=\"elementor-element elementor-element-286c778 elementor-widget__width-initial elementor-widget elementor-widget-heading\" data-id=\"286c778\" data-element_type=\"widget\" data-e-type=\"widget\" id=\"DICA4sust5\" data-widget_type=\"heading.default\">\n\t\t\t\t\t<h3 class=\"elementor-heading-title elementor-size-default\">Scuole<\/h3>\t\t\t\t<\/div>\n\t\t\t\t<\/div>\n\t\t<div class=\"elementor-element elementor-element-b0058c4 e-con-full e-flex e-con e-child\" data-id=\"b0058c4\" data-element_type=\"container\" data-e-type=\"container\">\n\t\t\t\t<div class=\"elementor-element elementor-element-12420f2 elementor-widget elementor-widget-spacer\" data-id=\"12420f2\" data-element_type=\"widget\" data-e-type=\"widget\" data-widget_type=\"spacer.default\">\n\t\t\t\t\t\t\t<div class=\"elementor-spacer\">\n\t\t\t<div class=\"elementor-spacer-inner\"><\/div>\n\t\t<\/div>\n\t\t\t\t\t\t<\/div>\n\t\t\t\t<div class=\"elementor-element elementor-element-e641172 elementor-widget elementor-widget-text-editor\" data-id=\"e641172\" data-element_type=\"widget\" data-e-type=\"widget\" data-settings=\"{&quot;motion_fx_motion_fx_mouse&quot;:&quot;yes&quot;}\" data-widget_type=\"text-editor.default\">\n\t\t\t\t\t\t\t\t\t<div class=\"et_pb_module et_pb_text et_pb_text_2 et_pb_text_align_left et_pb_bg_layout_light\"><div class=\"et_pb_text_inner\"><p>Il legame diretto con le scuole\u00a0\u00e8 garantito dal programma\u00a0di divulgazione tecnico scientifica\u00a0<a href=\"https:\/\/www.dica.polimi.it\/dica4society\/dica4schools\/\">DICA4schools<\/a>\u00a0e dalle iniziative messe in campo ogni anno nell\u2019ambito del Festival dello <a href=\"https:\/\/www.dica.polimi.it\/dica4society\/la-mia-scuola-sostenibile\/\">Sviluppo sostenibile<\/a>.\u00a0<\/p><p><br \/>Inoltre il Dipartimento aderisce al programma di Ateneo rivolto alle scuole secondarie di secondo grado <a href=\"https:\/\/www.policollege.polimi.it\/corsi\/\">PoliCollege<\/a><\/p><\/div><\/div>\t\t\t\t\t\t\t\t<\/div>\n\t\t\t\t<div class=\"elementor-element elementor-element-a51fb15 elementor-widget elementor-widget-spacer\" data-id=\"a51fb15\" data-element_type=\"widget\" data-e-type=\"widget\" data-widget_type=\"spacer.default\">\n\t\t\t\t\t\t\t<div class=\"elementor-spacer\">\n\t\t\t<div class=\"elementor-spacer-inner\"><\/div>\n\t\t<\/div>\n\t\t\t\t\t\t<\/div>\n\t\t\t\t<\/div>\n\t\t<div class=\"elementor-element elementor-element-00d6a4f e-con-full e-flex e-con e-child\" data-id=\"00d6a4f\" data-element_type=\"container\" data-e-type=\"container\">\n\t\t\t\t<div class=\"elementor-element elementor-element-80ae20b elementor-widget__width-initial elementor-widget elementor-widget-heading\" data-id=\"80ae20b\" data-element_type=\"widget\" data-e-type=\"widget\" data-widget_type=\"heading.default\">\n\t\t\t\t\t<p class=\"elementor-heading-title elementor-size-default\">06.<\/p>\t\t\t\t<\/div>\n\t\t\t\t<div class=\"elementor-element elementor-element-79f2441 elementor-widget__width-initial elementor-widget elementor-widget-heading\" data-id=\"79f2441\" data-element_type=\"widget\" data-e-type=\"widget\" id=\"DICA4sust6\" data-widget_type=\"heading.default\">\n\t\t\t\t\t<h3 class=\"elementor-heading-title elementor-size-default\">Ambiente<\/h3>\t\t\t\t<\/div>\n\t\t\t\t<\/div>\n\t\t<div class=\"elementor-element elementor-element-c4e698d e-con-full e-flex e-con e-child\" data-id=\"c4e698d\" data-element_type=\"container\" data-e-type=\"container\">\n\t\t\t\t<div class=\"elementor-element elementor-element-c3e1af0 elementor-widget elementor-widget-spacer\" data-id=\"c3e1af0\" data-element_type=\"widget\" data-e-type=\"widget\" data-widget_type=\"spacer.default\">\n\t\t\t\t\t\t\t<div class=\"elementor-spacer\">\n\t\t\t<div class=\"elementor-spacer-inner\"><\/div>\n\t\t<\/div>\n\t\t\t\t\t\t<\/div>\n\t\t\t\t<div class=\"elementor-element elementor-element-b7a2438 elementor-widget elementor-widget-text-editor\" data-id=\"b7a2438\" data-element_type=\"widget\" data-e-type=\"widget\" data-settings=\"{&quot;motion_fx_motion_fx_mouse&quot;:&quot;yes&quot;}\" data-widget_type=\"text-editor.default\">\n\t\t\t\t\t\t\t\t\t<div class=\"et_pb_module et_pb_text et_pb_text_2 et_pb_text_align_left et_pb_bg_layout_light\"><div class=\"et_pb_text_inner\"><p>Oltre a contribuire alle iniziative di ateneo (<a href=\"https:\/\/www.polimi.it\/sviluppo-sostenibile\/ambiente\">https:\/\/www.polimi.it\/sviluppo-sostenibile\/ambiente<\/a>),\u00a0il Dipartimento \u00e8 il coordinatore della \u201c<strong>Polimi\u00a0LCA network<\/strong>\u201d, una nuova rete interna all\u2019Ateneo che riunisce ricercatori e professori accomunati dall\u2019applicazione della metodologia Life\u00a0Cycle\u00a0Assessment\u00a0(LCA) in diversi ambiti.<\/p><\/div><\/div>\t\t\t\t\t\t\t\t<\/div>\n\t\t\t\t<div class=\"elementor-element elementor-element-577b32b elementor-widget elementor-widget-spacer\" data-id=\"577b32b\" data-element_type=\"widget\" data-e-type=\"widget\" data-widget_type=\"spacer.default\">\n\t\t\t\t\t\t\t<div class=\"elementor-spacer\">\n\t\t\t<div class=\"elementor-spacer-inner\"><\/div>\n\t\t<\/div>\n\t\t\t\t\t\t<\/div>\n\t\t\t\t<\/div>\n\t\t<div class=\"elementor-element elementor-element-f442598 e-con-full e-flex e-con e-child\" data-id=\"f442598\" data-element_type=\"container\" data-e-type=\"container\">\n\t\t\t\t<div class=\"elementor-element elementor-element-5d44b1d elementor-widget__width-initial elementor-widget elementor-widget-heading\" data-id=\"5d44b1d\" data-element_type=\"widget\" data-e-type=\"widget\" data-widget_type=\"heading.default\">\n\t\t\t\t\t<p class=\"elementor-heading-title elementor-size-default\">07.<\/p>\t\t\t\t<\/div>\n\t\t\t\t<div class=\"elementor-element elementor-element-b0e8d1f elementor-widget__width-initial elementor-widget elementor-widget-heading\" data-id=\"b0e8d1f\" data-element_type=\"widget\" data-e-type=\"widget\" id=\"DICA4sust7\" data-widget_type=\"heading.default\">\n\t\t\t\t\t<h3 class=\"elementor-heading-title elementor-size-default\">Contesti fragili<\/h3>\t\t\t\t<\/div>\n\t\t\t\t<\/div>\n\t\t<div class=\"elementor-element elementor-element-008d02c e-con-full e-flex e-con e-child\" data-id=\"008d02c\" data-element_type=\"container\" data-e-type=\"container\">\n\t\t\t\t<div class=\"elementor-element elementor-element-5bfbfa9 elementor-widget elementor-widget-spacer\" data-id=\"5bfbfa9\" data-element_type=\"widget\" data-e-type=\"widget\" data-widget_type=\"spacer.default\">\n\t\t\t\t\t\t\t<div class=\"elementor-spacer\">\n\t\t\t<div class=\"elementor-spacer-inner\"><\/div>\n\t\t<\/div>\n\t\t\t\t\t\t<\/div>\n\t\t\t\t<div class=\"elementor-element elementor-element-93f4cb8 elementor-widget elementor-widget-text-editor\" data-id=\"93f4cb8\" data-element_type=\"widget\" data-e-type=\"widget\" data-settings=\"{&quot;motion_fx_motion_fx_mouse&quot;:&quot;yes&quot;}\" data-widget_type=\"text-editor.default\">\n\t\t\t\t\t\t\t\t\t<div class=\"et_pb_module et_pb_text et_pb_text_2 et_pb_text_align_left et_pb_bg_layout_light\"><div class=\"et_pb_text_inner\"><p>Il Dipartimento\u00a0partecipa attivamente ai progetti\u00a0finanziati dal programma\u00a0<a href=\"https:\/\/www.polimi.it\/sviluppo-sostenibile\/polisocial-award\">Polisocial Award<\/a>,\u00a0il fondo di finanziamento di ateneo, creato\u00a0con i fondi del\u202f5per mille IRPEF, per\u00a0sostenere\u00a0lo sviluppo della ricerca scientifica ad alto impatto sociale al Politecnico di Milano.\u00a0\u00a0<\/p><p>Il DICA \u00e8 presente nel\u00a0programma\u202f\u00a0<a href=\"https:\/\/www.polimi.it\/sviluppo-sostenibile\/innovazione-e-responsabilita-sociale\/innovazione-di-prossimita\/off-campus\"><em>Off\u00a0Campus<\/em><\/a>\u202f\u00a0con il quale l\u2019Ateneo esprime il suo impegno e radicamento sul territorio, ampliandone l\u2019offerta educativa e culturale.\u00a0\u00a0<\/p><p>Nella sua attivit\u00e0 di ricerca il Dipartimento collabora con diverse associazioni no-profit.<\/p><\/div><\/div>\t\t\t\t\t\t\t\t<\/div>\n\t\t\t\t<div class=\"elementor-element elementor-element-8dbbaae elementor-widget elementor-widget-spacer\" data-id=\"8dbbaae\" data-element_type=\"widget\" data-e-type=\"widget\" data-widget_type=\"spacer.default\">\n\t\t\t\t\t\t\t<div class=\"elementor-spacer\">\n\t\t\t<div class=\"elementor-spacer-inner\"><\/div>\n\t\t<\/div>\n\t\t\t\t\t\t<\/div>\n\t\t\t\t<\/div>\n\t\t\t\t<\/div>\n\t\t\t\t\t<\/div>\n\t\t\t\t<\/div>\n\t\t<div class=\"elementor-element elementor-element-07a4df4 e-flex e-con-boxed e-con e-parent\" data-id=\"07a4df4\" data-element_type=\"container\" data-e-type=\"container\">\n\t\t\t\t\t<div class=\"e-con-inner\">\n\t\t\t\t<div class=\"elementor-element elementor-element-c3c3f8a elementor-widget elementor-widget-spacer\" data-id=\"c3c3f8a\" data-element_type=\"widget\" data-e-type=\"widget\" data-widget_type=\"spacer.default\">\n\t\t\t\t\t\t\t<div class=\"elementor-spacer\">\n\t\t\t<div class=\"elementor-spacer-inner\"><\/div>\n\t\t<\/div>\n\t\t\t\t\t\t<\/div>\n\t\t\t\t\t<\/div>\n\t\t\t\t<\/div>\n\t\t\t\t<\/div>\n\t\t","protected":false},"excerpt":{"rendered":"<p>01 Didattica02 Ricerca03 Inclusione e pari opportunit\u00e004 Responsabilit\u00e0 sociale05 Scuole06 Ambiente07 Contesti fragili 01. Didattica Contenuto ancora da definire 02. Ricerca Contenuto ancora da definire 03. Inclusione e pari opportunit\u00e0&#8230;<\/p>","protected":false},"author":11,"featured_media":813,"parent":594,"menu_order":1,"comment_status":"closed","ping_status":"closed","template":"","meta":{"_acf_changed":false,"inline_featured_image":false,"_price":"","_stock":"","_tribe_ticket_header":"","_tribe_default_ticket_provider":"","_tribe_ticket_capacity":"","_ticket_start_date":"","_ticket_end_date":"","_tribe_ticket_show_description":"","_tribe_ticket_show_not_going":false,"_tribe_ticket_use_global_stock":"","_tribe_ticket_global_stock_level":"","_global_stock_mode":"","_global_stock_cap":"","_tribe_rsvp_for_event":"","_tribe_ticket_going_count":"","_tribe_ticket_not_going_count":"","_tribe_tickets_list":"[]","_tribe_ticket_has_attendee_info_fields":false,"footnotes":""},"class_list":["post-597","page","type-page","status-publish","has-post-thumbnail","hentry"],"acf":[],"_links":{"self":[{"href":"https:\/\/www.dica.polimi.it\/en\/wp-json\/wp\/v2\/pages\/597","targetHints":{"allow":["GET"]}}],"collection":[{"href":"https:\/\/www.dica.polimi.it\/en\/wp-json\/wp\/v2\/pages"}],"about":[{"href":"https:\/\/www.dica.polimi.it\/en\/wp-json\/wp\/v2\/types\/page"}],"author":[{"embeddable":true,"href":"https:\/\/www.dica.polimi.it\/en\/wp-json\/wp\/v2\/users\/11"}],"replies":[{"embeddable":true,"href":"https:\/\/www.dica.polimi.it\/en\/wp-json\/wp\/v2\/comments?post=597"}],"version-history":[{"count":13,"href":"https:\/\/www.dica.polimi.it\/en\/wp-json\/wp\/v2\/pages\/597\/revisions"}],"predecessor-version":[{"id":30889,"href":"https:\/\/www.dica.polimi.it\/en\/wp-json\/wp\/v2\/pages\/597\/revisions\/30889"}],"up":[{"embeddable":true,"href":"https:\/\/www.dica.polimi.it\/en\/wp-json\/wp\/v2\/pages\/594"}],"wp:featuredmedia":[{"embeddable":true,"href":"https:\/\/www.dica.polimi.it\/en\/wp-json\/wp\/v2\/media\/813"}],"wp:attachment":[{"href":"https:\/\/www.dica.polimi.it\/en\/wp-json\/wp\/v2\/media?parent=597"}],"curies":[{"name":"wp","href":"https:\/\/api.w.org\/{rel}","templated":true}]}}