{"id":29302,"date":"2025-12-16T22:07:33","date_gmt":"2025-12-16T21:07:33","guid":{"rendered":"https:\/\/www.dica.polimi.it\/dottorato\/ingegneria-ambientale-e-delle-infrastrutture\/"},"modified":"2026-04-10T15:48:17","modified_gmt":"2026-04-10T13:48:17","slug":"ingegneria-ambientale-e-delle-infrastrutture","status":"publish","type":"page","link":"https:\/\/www.dica.polimi.it\/en\/dottorato\/ingegneria-ambientale-e-delle-infrastrutture\/","title":{"rendered":"Environmental and Infrastructure Engineering"},"content":{"rendered":"\t\t<div data-elementor-type=\"wp-page\" data-elementor-id=\"29302\" class=\"elementor elementor-29302\" data-elementor-post-type=\"page\">\n\t\t\t\t<div class=\"elementor-element elementor-element-ed1736a e-flex e-con-boxed e-con e-parent\" data-id=\"ed1736a\" data-element_type=\"container\" data-e-type=\"container\">\n\t\t\t\t\t<div class=\"e-con-inner\">\n\t\t<div class=\"elementor-element elementor-element-5d31b11 e-con-full e-flex e-con e-child\" data-id=\"5d31b11\" data-element_type=\"container\" data-e-type=\"container\" data-settings=\"{&quot;background_background&quot;:&quot;classic&quot;}\">\n\t\t<div class=\"elementor-element elementor-element-ce43375 e-con-full e-flex e-con e-child\" data-id=\"ce43375\" data-element_type=\"container\" data-e-type=\"container\" data-settings=\"{&quot;sticky&quot;:&quot;top&quot;,&quot;sticky_offset&quot;:40,&quot;sticky_parent&quot;:&quot;yes&quot;,&quot;sticky_on&quot;:[&quot;desktop&quot;,&quot;tablet&quot;,&quot;mobile&quot;],&quot;sticky_effects_offset&quot;:0,&quot;sticky_anchor_link_offset&quot;:0}\">\n\t\t\t\t<div class=\"elementor-element elementor-element-2c0005c elementor-widget elementor-widget-spacer\" data-id=\"2c0005c\" data-element_type=\"widget\" data-e-type=\"widget\" data-widget_type=\"spacer.default\">\n\t\t\t\t\t\t\t<div class=\"elementor-spacer\">\n\t\t\t<div class=\"elementor-spacer-inner\"><\/div>\n\t\t<\/div>\n\t\t\t\t\t\t<\/div>\n\t\t\t\t<div class=\"elementor-element elementor-element-daef969 elementor-widget elementor-widget-heading\" data-id=\"daef969\" data-element_type=\"widget\" data-e-type=\"widget\" data-widget_type=\"heading.default\">\n\t\t\t\t\t<span class=\"elementor-heading-title elementor-size-default\">Coordinatore<\/span>\t\t\t\t<\/div>\n\t\t\t\t<div class=\"elementor-element elementor-element-46007a8 elementor-widget elementor-widget-text-editor\" data-id=\"46007a8\" data-element_type=\"widget\" data-e-type=\"widget\" data-widget_type=\"text-editor.default\">\n\t\t\t\t\t\t\t\t\t<div>\nProf.ssa Monica Riva\n<br>\n<a href=\"mailto:monica.riva@polimi.it\">monica.riva@polimi.it<\/a>\n\n<\/div>\t\t\t\t\t\t\t\t<\/div>\n\t\t\t\t<div class=\"elementor-element elementor-element-8b8a80a elementor-widget elementor-widget-spacer\" data-id=\"8b8a80a\" data-element_type=\"widget\" data-e-type=\"widget\" data-widget_type=\"spacer.default\">\n\t\t\t\t\t\t\t<div class=\"elementor-spacer\">\n\t\t\t<div class=\"elementor-spacer-inner\"><\/div>\n\t\t<\/div>\n\t\t\t\t\t\t<\/div>\n\t\t\t\t<div class=\"elementor-element elementor-element-29f882a elementor-widget elementor-widget-heading\" data-id=\"29f882a\" data-element_type=\"widget\" data-e-type=\"widget\" data-widget_type=\"heading.default\">\n\t\t\t\t\t<span class=\"elementor-heading-title elementor-size-default\">Vice-Coordinatore<\/span>\t\t\t\t<\/div>\n\t\t\t\t<div class=\"elementor-element elementor-element-e1679dd elementor-widget elementor-widget-text-editor\" data-id=\"e1679dd\" data-element_type=\"widget\" data-e-type=\"widget\" data-widget_type=\"text-editor.default\">\n\t\t\t\t\t\t\t\t\t<div>\n\nProf. Roberto Canziani\n<br>\n<a href=\"mailto:roberto.canziani@polimi.it\">roberto.canziani@polimi.it<\/a>\n\n<\/div>\t\t\t\t\t\t\t\t<\/div>\n\t\t\t\t<div class=\"elementor-element elementor-element-120ae6b elementor-widget elementor-widget-spacer\" data-id=\"120ae6b\" data-element_type=\"widget\" data-e-type=\"widget\" data-widget_type=\"spacer.default\">\n\t\t\t\t\t\t\t<div class=\"elementor-spacer\">\n\t\t\t<div class=\"elementor-spacer-inner\"><\/div>\n\t\t<\/div>\n\t\t\t\t\t\t<\/div>\n\t\t\t\t<div class=\"elementor-element elementor-element-d246554 elementor-widget elementor-widget-heading\" data-id=\"d246554\" data-element_type=\"widget\" data-e-type=\"widget\" data-widget_type=\"heading.default\">\n\t\t\t\t\t<span class=\"elementor-heading-title elementor-size-default\">Segreteria<\/span>\t\t\t\t<\/div>\n\t\t\t\t<div class=\"elementor-element elementor-element-376b45c elementor-widget elementor-widget-text-editor\" data-id=\"376b45c\" data-element_type=\"widget\" data-e-type=\"widget\" data-widget_type=\"text-editor.default\">\n\t\t\t\t\t\t\t\t\t<div>\n\nSig.ra Elena Raguzzoni\n<br>\nSig.ra Laura Mattiolo\n<br>\n<a href=\"mailto:phd-dica@polimi.it\">phd-dica@polimi.it<\/a>\n\n<\/div>\t\t\t\t\t\t\t\t<\/div>\n\t\t\t\t<div class=\"elementor-element elementor-element-6551a83 elementor-widget elementor-widget-spacer\" data-id=\"6551a83\" data-element_type=\"widget\" data-e-type=\"widget\" data-widget_type=\"spacer.default\">\n\t\t\t\t\t\t\t<div class=\"elementor-spacer\">\n\t\t\t<div class=\"elementor-spacer-inner\"><\/div>\n\t\t<\/div>\n\t\t\t\t\t\t<\/div>\n\t\t\t\t<div class=\"elementor-element elementor-element-917d810 elementor-align-justify pulsante-barra elementor-widget elementor-widget-button\" data-id=\"917d810\" data-element_type=\"widget\" data-e-type=\"widget\" data-widget_type=\"button.default\">\n\t\t\t\t\t\t\t\t\t\t<a class=\"elementor-button elementor-button-link elementor-size-sm\" href=\"https:\/\/www.dica.polimi.it\/dottorato\/phd-students\/\">\n\t\t\t\t\t\t<span class=\"elementor-button-content-wrapper\">\n\t\t\t\t\t\t<span class=\"elementor-button-icon\">\n\t\t\t\t<svg aria-hidden=\"true\" class=\"e-font-icon-svg e-fas-external-link-alt\" viewBox=\"0 0 512 512\" xmlns=\"http:\/\/www.w3.org\/2000\/svg\"><path d=\"M432,320H400a16,16,0,0,0-16,16V448H64V128H208a16,16,0,0,0,16-16V80a16,16,0,0,0-16-16H48A48,48,0,0,0,0,112V464a48,48,0,0,0,48,48H400a48,48,0,0,0,48-48V336A16,16,0,0,0,432,320ZM488,0h-128c-21.37,0-32.05,25.91-17,41l35.73,35.73L135,320.37a24,24,0,0,0,0,34L157.67,377a24,24,0,0,0,34,0L435.28,133.32,471,169c15,15,41,4.5,41-17V24A24,24,0,0,0,488,0Z\"><\/path><\/svg>\t\t\t<\/span>\n\t\t\t\t\t\t\t\t\t<span class=\"elementor-button-text\">Dottorandi<\/span>\n\t\t\t\t\t<\/span>\n\t\t\t\t\t<\/a>\n\t\t\t\t\t\t\t\t<\/div>\n\t\t\t\t<div class=\"elementor-element elementor-element-45b8ea0 elementor-widget elementor-widget-spacer\" data-id=\"45b8ea0\" data-element_type=\"widget\" data-e-type=\"widget\" data-widget_type=\"spacer.default\">\n\t\t\t\t\t\t\t<div class=\"elementor-spacer\">\n\t\t\t<div class=\"elementor-spacer-inner\"><\/div>\n\t\t<\/div>\n\t\t\t\t\t\t<\/div>\n\t\t\t\t<div class=\"elementor-element elementor-element-9fc7b52 elementor-align-justify pulsante-barra elementor-widget elementor-widget-button\" data-id=\"9fc7b52\" data-element_type=\"widget\" data-e-type=\"widget\" data-widget_type=\"button.default\">\n\t\t\t\t\t\t\t\t\t\t<a class=\"elementor-button elementor-button-link elementor-size-sm\" href=\"https:\/\/www.dica.old.polimi.it\/dottorato\/iai\/dott-ing-ambientale-didattica\/\">\n\t\t\t\t\t\t<span class=\"elementor-button-content-wrapper\">\n\t\t\t\t\t\t<span class=\"elementor-button-icon\">\n\t\t\t\t<svg aria-hidden=\"true\" class=\"e-font-icon-svg e-fas-external-link-alt\" viewBox=\"0 0 512 512\" xmlns=\"http:\/\/www.w3.org\/2000\/svg\"><path d=\"M432,320H400a16,16,0,0,0-16,16V448H64V128H208a16,16,0,0,0,16-16V80a16,16,0,0,0-16-16H48A48,48,0,0,0,0,112V464a48,48,0,0,0,48,48H400a48,48,0,0,0,48-48V336A16,16,0,0,0,432,320ZM488,0h-128c-21.37,0-32.05,25.91-17,41l35.73,35.73L135,320.37a24,24,0,0,0,0,34L157.67,377a24,24,0,0,0,34,0L435.28,133.32,471,169c15,15,41,4.5,41-17V24A24,24,0,0,0,488,0Z\"><\/path><\/svg>\t\t\t<\/span>\n\t\t\t\t\t\t\t\t\t<span class=\"elementor-button-text\">Didattica<\/span>\n\t\t\t\t\t<\/span>\n\t\t\t\t\t<\/a>\n\t\t\t\t\t\t\t\t<\/div>\n\t\t\t\t<div class=\"elementor-element elementor-element-81d778b elementor-widget elementor-widget-spacer\" data-id=\"81d778b\" data-element_type=\"widget\" data-e-type=\"widget\" data-widget_type=\"spacer.default\">\n\t\t\t\t\t\t\t<div class=\"elementor-spacer\">\n\t\t\t<div class=\"elementor-spacer-inner\"><\/div>\n\t\t<\/div>\n\t\t\t\t\t\t<\/div>\n\t\t\t\t<div class=\"elementor-element elementor-element-6f566a4 elementor-align-justify pulsante-barra elementor-widget elementor-widget-button\" data-id=\"6f566a4\" data-element_type=\"widget\" data-e-type=\"widget\" data-widget_type=\"button.default\">\n\t\t\t\t\t\t\t\t\t\t<a class=\"elementor-button elementor-button-link elementor-size-sm\" href=\"https:\/\/www.dica.old.polimi.it\/dottorato\/iai\/dott-ing-amb-collegio\/\">\n\t\t\t\t\t\t<span class=\"elementor-button-content-wrapper\">\n\t\t\t\t\t\t<span class=\"elementor-button-icon\">\n\t\t\t\t<svg aria-hidden=\"true\" class=\"e-font-icon-svg e-fas-external-link-alt\" viewBox=\"0 0 512 512\" xmlns=\"http:\/\/www.w3.org\/2000\/svg\"><path d=\"M432,320H400a16,16,0,0,0-16,16V448H64V128H208a16,16,0,0,0,16-16V80a16,16,0,0,0-16-16H48A48,48,0,0,0,0,112V464a48,48,0,0,0,48,48H400a48,48,0,0,0,48-48V336A16,16,0,0,0,432,320ZM488,0h-128c-21.37,0-32.05,25.91-17,41l35.73,35.73L135,320.37a24,24,0,0,0,0,34L157.67,377a24,24,0,0,0,34,0L435.28,133.32,471,169c15,15,41,4.5,41-17V24A24,24,0,0,0,488,0Z\"><\/path><\/svg>\t\t\t<\/span>\n\t\t\t\t\t\t\t\t\t<span class=\"elementor-button-text\">Collegio dei Docenti<\/span>\n\t\t\t\t\t<\/span>\n\t\t\t\t\t<\/a>\n\t\t\t\t\t\t\t\t<\/div>\n\t\t\t\t<div class=\"elementor-element elementor-element-4920d14 elementor-widget elementor-widget-spacer\" data-id=\"4920d14\" data-element_type=\"widget\" data-e-type=\"widget\" data-widget_type=\"spacer.default\">\n\t\t\t\t\t\t\t<div class=\"elementor-spacer\">\n\t\t\t<div class=\"elementor-spacer-inner\"><\/div>\n\t\t<\/div>\n\t\t\t\t\t\t<\/div>\n\t\t\t\t<\/div>\n\t\t\t\t<\/div>\n\t\t<div class=\"elementor-element elementor-element-19b9809 e-con-full e-flex e-con e-child\" data-id=\"19b9809\" data-element_type=\"container\" data-e-type=\"container\">\n\t\t\t\t<div class=\"elementor-element elementor-element-b4eaf5b elementor-widget elementor-widget-spacer\" data-id=\"b4eaf5b\" data-element_type=\"widget\" data-e-type=\"widget\" data-widget_type=\"spacer.default\">\n\t\t\t\t\t\t\t<div class=\"elementor-spacer\">\n\t\t\t<div class=\"elementor-spacer-inner\"><\/div>\n\t\t<\/div>\n\t\t\t\t\t\t<\/div>\n\t\t\t\t<div class=\"elementor-element elementor-element-0f9581f elementor-widget elementor-widget-theme-post-title elementor-page-title elementor-widget-heading\" data-id=\"0f9581f\" data-element_type=\"widget\" data-e-type=\"widget\" data-widget_type=\"theme-post-title.default\">\n\t\t\t\t\t<h2 class=\"elementor-heading-title elementor-size-default\">Ingegneria Ambientale e delle Infrastrutture<\/h2>\t\t\t\t<\/div>\n\t\t\t\t<div class=\"elementor-element elementor-element-8855a13 elementor-widget elementor-widget-spacer\" data-id=\"8855a13\" data-element_type=\"widget\" data-e-type=\"widget\" data-widget_type=\"spacer.default\">\n\t\t\t\t\t\t\t<div class=\"elementor-spacer\">\n\t\t\t<div class=\"elementor-spacer-inner\"><\/div>\n\t\t<\/div>\n\t\t\t\t\t\t<\/div>\n\t\t\t\t<div class=\"elementor-element elementor-element-480584d elementor-widget elementor-widget-text-editor\" data-id=\"480584d\" data-element_type=\"widget\" data-e-type=\"widget\" data-widget_type=\"text-editor.default\">\n\t\t\t\t\t\t\t\t\t<h5>Programma<\/h5><p>Il dottorato di ricerca in Ingegneria Ambientale e delle Infrastrutture fa parte del programma di ricerca e formazione offerto dal Dipartimento di Ingegneria Civile e Ambientale. Il programma introduce i dottorandi al mondo della ricerca su elementi critici teorici e tecnologici legati all\u2019acqua, all\u2019ambiente, alle infrastrutture idrauliche e di trasporto, alla geologia e alla geomatica. Il programma \u00e8 caratterizzato da una forte struttura intersettoriale e multisettoriale ed \u00e8 organizzato secondo i seguenti tre profili tematici chiave.<\/p><p>\u00a0<\/p>\t\t\t\t\t\t\t\t<\/div>\n\t\t\t\t<div class=\"elementor-element elementor-element-6be1bb3 elementor-widget elementor-widget-text-editor\" data-id=\"6be1bb3\" data-element_type=\"widget\" data-e-type=\"widget\" data-widget_type=\"text-editor.default\">\n\t\t\t\t\t\t\t\t\t<h5>Aree<\/h5>\t\t\t\t\t\t\t\t<\/div>\n\t\t\t\t<div class=\"elementor-element elementor-element-895da82 elementor-widget elementor-widget-spacer\" data-id=\"895da82\" data-element_type=\"widget\" data-e-type=\"widget\" data-widget_type=\"spacer.default\">\n\t\t\t\t\t\t\t<div class=\"elementor-spacer\">\n\t\t\t<div class=\"elementor-spacer-inner\"><\/div>\n\t\t<\/div>\n\t\t\t\t\t\t<\/div>\n\t\t\t\t<div class=\"elementor-element elementor-element-cb289f6 e-n-tabs-mobile elementor-widget elementor-widget-n-tabs\" data-id=\"cb289f6\" data-element_type=\"widget\" data-e-type=\"widget\" data-settings=\"{&quot;tabs_justify_horizontal&quot;:&quot;start&quot;,&quot;tabs_justify_horizontal_mobile&quot;:&quot;start&quot;,&quot;horizontal_scroll&quot;:&quot;disable&quot;}\" data-widget_type=\"nested-tabs.default\">\n\t\t\t\t\t\t\t<div class=\"e-n-tabs\" data-widget-number=\"213027318\" aria-label=\"Tabs. Open items with Enter or Space, close with Escape and navigate using the Arrow keys.\">\n\t\t\t<div class=\"e-n-tabs-heading\" role=\"tablist\">\n\t\t\t\t\t<button id=\"e-n-tab-title-2130273181\" data-tab-title-id=\"e-n-tab-title-2130273181\" class=\"e-n-tab-title\" aria-selected=\"true\" data-tab-index=\"1\" role=\"tab\" tabindex=\"0\" aria-controls=\"e-n-tab-content-2130273181\" style=\"--n-tabs-title-order: 1;\">\n\t\t\t\t\t\t<span class=\"e-n-tab-title-text\">\n\t\t\t\tScienze e Ingegneria dell'Acqua\t\t\t<\/span>\n\t\t<\/button>\n\t\t\t\t<button id=\"e-n-tab-title-2130273182\" data-tab-title-id=\"e-n-tab-title-2130273182\" class=\"e-n-tab-title\" aria-selected=\"false\" data-tab-index=\"2\" role=\"tab\" tabindex=\"-1\" aria-controls=\"e-n-tab-content-2130273182\" style=\"--n-tabs-title-order: 2;\">\n\t\t\t\t\t\t<span class=\"e-n-tab-title-text\">\n\t\t\t\tInfrastrutture di Trasporto e Geoscienze\t\t\t<\/span>\n\t\t<\/button>\n\t\t\t\t<button id=\"e-n-tab-title-2130273183\" data-tab-title-id=\"e-n-tab-title-2130273183\" class=\"e-n-tab-title\" aria-selected=\"false\" data-tab-index=\"3\" role=\"tab\" tabindex=\"-1\" aria-controls=\"e-n-tab-content-2130273183\" style=\"--n-tabs-title-order: 3;\">\n\t\t\t\t\t\t<span class=\"e-n-tab-title-text\">\n\t\t\t\tIngegneria Ambientale e Idraulica e Geomatica\t\t\t<\/span>\n\t\t<\/button>\n\t\t\t\t\t<\/div>\n\t\t\t<div class=\"e-n-tabs-content\">\n\t\t\t\t<div id=\"e-n-tab-content-2130273181\" role=\"tabpanel\" aria-labelledby=\"e-n-tab-title-2130273181\" data-tab-index=\"1\" style=\"--n-tabs-title-order: 1;\" class=\"e-active elementor-element elementor-element-19aa9a9 e-con-full e-flex e-con e-child\" data-id=\"19aa9a9\" data-element_type=\"container\" data-e-type=\"container\">\n\t\t\t\t<div class=\"elementor-element elementor-element-3812064 elementor-widget elementor-widget-text-editor\" data-id=\"3812064\" data-element_type=\"widget\" data-e-type=\"widget\" data-widget_type=\"text-editor.default\">\n\t\t\t\t\t\t\t\t\t<p>Gli argomenti di interesse sono i seguenti:<\/p><blockquote><ul><li>Idrologia e risorse idriche: analisi dei principali processi fisici del ciclo idrologico che determinano fenomeni di alluvione, siccit\u00e0 e migrazione dell\u2019inquinamento, misurazione e modellazione delle variabili attive nei bilanci idrico ed energetico, sviluppo di modelli di bilancio idrico continuo distribuito.<\/li><li>Strategie di rischio idrogeologico e di mitigazione, compresi gli estremi idrologici, la frequenza delle inondazioni, la siccit\u00e0 e le precipitazioni, i sistemi operativi di allarme rapido per lo scivolamento dei terreni poco profondi, le valanghe di neve e il rischio di inondazione.<\/li><li>Ingegneria delle reti idrauliche, con progettazione di fognature urbane e acquedotti, qualit\u00e0 e quantit\u00e0 dell\u2019acqua nelle reti di drenaggio ed effetti delle strutture locali e diffuse per il controllo delle inondazioni e dell\u2019inquinamento.<\/li><li>Ingegneria costiera, con analisi dell\u2019idrodinamica del moto ondoso, delle correnti marine, della dinamica litoranea, delle interazioni onda-struttura.<\/li><\/ul><\/blockquote>\t\t\t\t\t\t\t\t<\/div>\n\t\t\t\t<\/div>\n\t\t<div id=\"e-n-tab-content-2130273182\" role=\"tabpanel\" aria-labelledby=\"e-n-tab-title-2130273182\" data-tab-index=\"2\" style=\"--n-tabs-title-order: 2;\" class=\" elementor-element elementor-element-7b5bbb5 e-con-full e-flex e-con e-child\" data-id=\"7b5bbb5\" data-element_type=\"container\" data-e-type=\"container\">\n\t\t\t\t<div class=\"elementor-element elementor-element-284cc26 elementor-widget elementor-widget-text-editor\" data-id=\"284cc26\" data-element_type=\"widget\" data-e-type=\"widget\" data-widget_type=\"text-editor.default\">\n\t\t\t\t\t\t\t\t\t<p>Gli argomenti di interesse sono i seguenti:<\/p><blockquote><ul><li>Reti di trasporto: modellazione di reti di trasporto complesse, comprese le interazioni funzionali con il territorio regionale, nazionale e internazionale.<\/li><\/ul><\/blockquote><blockquote><ul><li>Sviluppo sostenibile: fenomenologia complessa che caratterizza le dinamiche dello sviluppo e le sue relazioni con il sistema infrastrutturale; interazione tra gallerie e sistemi idraulici sotterranei.<\/li><\/ul><\/blockquote><blockquote><ul><li>Innovazione tecnologica: metodi, criteri e indicatori per la caratterizzazione prestazionale delle tecniche di costruzione e manutenzione delle infrastrutture.<\/li><\/ul><\/blockquote><blockquote><ul><li>Gestione del rischio: analisi e sviluppo di misure migliorate per la costruzione e la gestione delle infrastrutture stradali, volte a ridurre il rischio sia per i lavoratori che per gli utenti; rischio geologico derivante dalla costruzione di infrastrutture di trasporto.<\/li><\/ul><\/blockquote><blockquote><ul><li>Geologia applicata: rischio idrogeologico legato allo scavo sotterraneo nelle rocce; pericolo di frane; identificazione e gestione delle risorse idriche, problemi di inquinamento.<\/li><\/ul><\/blockquote>\t\t\t\t\t\t\t\t<\/div>\n\t\t\t\t<\/div>\n\t\t<div id=\"e-n-tab-content-2130273183\" role=\"tabpanel\" aria-labelledby=\"e-n-tab-title-2130273183\" data-tab-index=\"3\" style=\"--n-tabs-title-order: 3;\" class=\" elementor-element elementor-element-fb3ddd3 e-con-full e-flex e-con e-child\" data-id=\"fb3ddd3\" data-element_type=\"container\" data-e-type=\"container\">\n\t\t\t\t<div class=\"elementor-element elementor-element-d2699e8 elementor-widget elementor-widget-text-editor\" data-id=\"d2699e8\" data-element_type=\"widget\" data-e-type=\"widget\" data-widget_type=\"text-editor.default\">\n\t\t\t\t\t\t\t\t\t<p>La ricerca in Ingegneria Ambientale copre i seguenti argomenti:<\/p><blockquote><ul><li>tecnologie di approvvigionamento e trattamento delle acque, smaltimento\/riutilizzo delle acque reflue, tecnologie biologiche e fisico-chimiche per il trattamento delle acque reflue, smaltimento\/riutilizzo delle acque reflue, gestione e smaltimento dei fanghi, processi di digestione anaerobica;<\/li><\/ul><\/blockquote><blockquote><ul><li>gestione e pianificazione delle risorse ambientali, compresa la ripartizione alla fonte dei carichi inquinanti e la valutazione dei loro effetti sulle componenti ambientali;<\/li><\/ul><\/blockquote><blockquote><ul><li>modellizzazione della qualit\u00e0 dell\u2019acqua, sistemi di supporto alle decisioni basati sulla conoscenza;<\/li><\/ul><\/blockquote><blockquote><ul><li>minimizzazione e gestione dei rifiuti solidi e dei fanghi;<\/li><\/ul><\/blockquote><blockquote><ul><li>fenomenologia dell\u2019ambiente atmosferico e trattamento delle emissioni gassose: modellizzazione statistica dei dati sulla qualit\u00e0 dell\u2019aria, particolato fine nell\u2019atmosfera, emissioni di microinquinanti provenienti dall\u2019incenerimento dei rifiuti, controllo dei volatili organici mediante biofiltrazione;<\/li><\/ul><\/blockquote><blockquote><ul><li>terreni contaminati e loro risanamento, protezione e trattamento delle acque sotterranee.<\/li><\/ul><\/blockquote><p>I temi di ricerca associati all\u2019ingegneria idraulica includono:<\/p><blockquote><ul><li>la meccanica dei fluidi;<\/li><li>interazioni fluido-struttura dei fluidi;<\/li><li>misure idrauliche;<\/li><li>idraulica fluviale;<\/li><li>meccanica dei sedimenti;<\/li><li>valutazione e gestione del rischio idraulico;<\/li><li>processi di flusso e di trasporto in mezzi permeabili;<\/li><li>reti idrauliche, idroenergia.<\/li><\/ul><\/blockquote><p>Infine, le principali ricerche svolte nel settore della Geomatica sono rivolte ai seguenti temi:<\/p><blockquote><ul><li>Geodesia Fisica e da Satellite;<\/li><li>Metodologie di rilievo GNSS e tradizionali per la navigazione, il posizionamento di precisione e l\u2019analisi di deformazione;<\/li><li>Il rilievo di superfici con sensori ottici e non (e.g. LIDAR);<\/li><li>La Fotogrammetria Digitale e l\u2019analisi d\u2019immagine;<\/li><li>Il Telerilevamento (dal satellite al drone)<\/li><li>Metodi e applicazioni relative ai GIS, mobile GIS e WebGIS<\/li><li>Rilevamento e documentazione del patrimonio storico e architettonico<\/li><\/ul><\/blockquote>\t\t\t\t\t\t\t\t<\/div>\n\t\t\t\t<\/div>\n\t\t\t\t\t<\/div>\n\t\t<\/div>\n\t\t\t\t\t\t<\/div>\n\t\t\t\t<div class=\"elementor-element elementor-element-3d3d239 elementor-widget elementor-widget-spacer\" data-id=\"3d3d239\" data-element_type=\"widget\" data-e-type=\"widget\" data-widget_type=\"spacer.default\">\n\t\t\t\t\t\t\t<div class=\"elementor-spacer\">\n\t\t\t<div class=\"elementor-spacer-inner\"><\/div>\n\t\t<\/div>\n\t\t\t\t\t\t<\/div>\n\t\t\t\t<div class=\"elementor-element elementor-element-4b90d25 elementor-widget elementor-widget-text-editor\" data-id=\"4b90d25\" data-element_type=\"widget\" data-e-type=\"widget\" data-widget_type=\"text-editor.default\">\n\t\t\t\t\t\t\t\t\t<h5>\u00a0<\/h5><h5>Manifesto degli studi<\/h5><p><a href=\"https:\/\/aunicalogin.polimi.it\/aunicalogin\/getservizio.xml?id_servizio=284&amp;k_corso_la=1378&amp;lang=IT\" target=\"_blank\" rel=\"noopener\">Qui<\/a>\u00a0trovi il Manifesto degli Studi del Dottorato di Ricerca in Ingegneria Ambientale e delle Infrastrutture.<br \/>Puoi cambiare anno accademico, per vedere l\u2019offerta formativa erogata negli anni precedenti e che potrebbe essere riproposta a breve.<\/p><h5>Opportunit\u00e0 di carriera<\/h5><p class=\"bodytext\">Le prospettive di carriera tipiche includono opportunit\u00e0 presso universit\u00e0, centri di ricerca, enti pubblici e autorit\u00e0, cos\u00ec come aziende private\/industria. Anche le piccole e medie imprese (PMI) possono richiedere profili altamente professionali per garantire l\u2019innovazione critica e la competitivit\u00e0. Un dottorato di ricerca in Ingegneria Ambientale e delle Infrastrutture pu\u00f2 fornire personale altamente qualificato per posizioni e ruoli chiave in centri di ricerca, top management in Enti ed Autorit\u00e0 Pubbliche coinvolte nella politica ambientale, e consulenti senior per societ\u00e0 di ingegneria (nazionali ed internazionali).<\/p><h5>Candidati idonei e borse di studio<\/h5><p class=\"bodytext\">Gli studenti in possesso di un Master in Ingegneria, Architettura, Fisica, Fisica, Matematica e Scienze Naturali possono iscriversi al programma. Gli ingegneri con un Master in Ingegneria Civile e\/o Ambientale sono particolarmente idonei come dottorandi\/candidati. Le borse di studio possono essere finanziate anche da vari enti\/organizzazioni, tra cui agenzie di ricerca esterne pubbliche\/private, aziende private, universit\u00e0. Ne sono esempi l\u2019Agenzia Spaziale Italiana, l\u2019Agenzia Spaziale Europea, Metropolitana Milanese, Breda, Italcementi, Leica, Eni, CTG, Pibiviesse, US Office of Naval Research. Ogni borsa di studio \u00e8 indirizzata a un\u2019area di ricerca e a un tema specifico.<\/p>\t\t\t\t\t\t\t\t<\/div>\n\t\t\t\t<div class=\"elementor-element elementor-element-de99574 elementor-widget elementor-widget-spacer\" data-id=\"de99574\" data-element_type=\"widget\" data-e-type=\"widget\" data-widget_type=\"spacer.default\">\n\t\t\t\t\t\t\t<div class=\"elementor-spacer\">\n\t\t\t<div class=\"elementor-spacer-inner\"><\/div>\n\t\t<\/div>\n\t\t\t\t\t\t<\/div>\n\t\t\t\t<\/div>\n\t\t\t\t\t<\/div>\n\t\t\t\t<\/div>\n\t\t\t\t<\/div>\n\t\t","protected":false},"excerpt":{"rendered":"<p>Coordinatore Prof.ssa Monica Riva monica.riva@polimi.it Vice-Coordinatore Prof. Roberto Canziani roberto.canziani@polimi.it Segreteria Sig.ra Elena Raguzzoni Sig.ra Laura Mattiolo phd-dica@polimi.it Dottorandi Didattica Collegio dei Docenti Programma Il dottorato di ricerca in Ingegneria&#8230;<\/p>","protected":false},"author":11,"featured_media":813,"parent":582,"menu_order":3,"comment_status":"closed","ping_status":"closed","template":"","meta":{"_acf_changed":false,"inline_featured_image":false,"_price":"","_stock":"","_tribe_ticket_header":"","_tribe_default_ticket_provider":"","_tribe_ticket_capacity":"","_ticket_start_date":"","_ticket_end_date":"","_tribe_ticket_show_description":"","_tribe_ticket_show_not_going":false,"_tribe_ticket_use_global_stock":"","_tribe_ticket_global_stock_level":"","_global_stock_mode":"","_global_stock_cap":"","_tribe_rsvp_for_event":"","_tribe_ticket_going_count":"","_tribe_ticket_not_going_count":"","_tribe_tickets_list":"[]","_tribe_ticket_has_attendee_info_fields":false,"footnotes":""},"class_list":["post-29302","page","type-page","status-publish","has-post-thumbnail","hentry"],"acf":[],"_links":{"self":[{"href":"https:\/\/www.dica.polimi.it\/en\/wp-json\/wp\/v2\/pages\/29302","targetHints":{"allow":["GET"]}}],"collection":[{"href":"https:\/\/www.dica.polimi.it\/en\/wp-json\/wp\/v2\/pages"}],"about":[{"href":"https:\/\/www.dica.polimi.it\/en\/wp-json\/wp\/v2\/types\/page"}],"author":[{"embeddable":true,"href":"https:\/\/www.dica.polimi.it\/en\/wp-json\/wp\/v2\/users\/11"}],"replies":[{"embeddable":true,"href":"https:\/\/www.dica.polimi.it\/en\/wp-json\/wp\/v2\/comments?post=29302"}],"version-history":[{"count":121,"href":"https:\/\/www.dica.polimi.it\/en\/wp-json\/wp\/v2\/pages\/29302\/revisions"}],"predecessor-version":[{"id":32328,"href":"https:\/\/www.dica.polimi.it\/en\/wp-json\/wp\/v2\/pages\/29302\/revisions\/32328"}],"up":[{"embeddable":true,"href":"https:\/\/www.dica.polimi.it\/en\/wp-json\/wp\/v2\/pages\/582"}],"wp:featuredmedia":[{"embeddable":true,"href":"https:\/\/www.dica.polimi.it\/en\/wp-json\/wp\/v2\/media\/813"}],"wp:attachment":[{"href":"https:\/\/www.dica.polimi.it\/en\/wp-json\/wp\/v2\/media?parent=29302"}],"curies":[{"name":"wp","href":"https:\/\/api.w.org\/{rel}","templated":true}]}}